{"id":70,"date":"2024-12-04T01:22:43","date_gmt":"2024-12-04T01:22:43","guid":{"rendered":"https:\/\/iesp-hectorvasquezjimenez.edu.pe\/portal\/?page_id=63"},"modified":"2025-09-10T13:35:57","modified_gmt":"2025-09-10T18:35:57","slug":"estadisticas","status":"publish","type":"page","link":"https:\/\/ieslaredo.edu.pe\/portal\/index.php\/estadisticas\/","title":{"rendered":"Estad\u00edsticas"},"content":{"rendered":"<section class=\"estadisticas\">\n  <div class=\"titulo-seccion\">\n    <h2>\ud83d\udcca Estad\u00edsticas<\/h2>\n    <p>Un resumen de la evoluci\u00f3n de nuestra poblaci\u00f3n estudiantil: ingresantes, matr\u00edculas y egresados.<\/p>\n  <\/div>\n\n  <!-- Tarjeta de Ingresantes -->\n  <div class=\"card animar\">\n    <h3>Ingresantes por A\u00f1o<\/h3>\n    <table>\n      <thead>\n        <tr>\n          <th>Programa de Estudios<\/th>\n          <th>2022<\/th>\n          <th>2023<\/th>\n          <th>2024<\/th>\n          <th>2025<\/th>\n        <\/tr>\n      <\/thead>\n      <tbody>\n        <tr>\n          <td>ENFERMERIA TECNICA<\/td>\n          <td class=\"contador\" data-valor=\"44\">0<\/td>\n          <td class=\"contador\" data-valor=\"45\">0<\/td>\n          <td class=\"contador\" data-valor=\"50\">0<\/td>\n          <td class=\"contador\" data-valor=\"50\">0<\/td>\n        <\/tr>\n        <tr>\n          <td>CONTABILIDAD<\/td>\n          <td class=\"contador\" data-valor=\"39\">0<\/td>\n          <td class=\"contador\" data-valor=\"40\">0<\/td>\n          <td class=\"contador\" data-valor=\"40\">0<\/td>\n          <td class=\"contador\" data-valor=\"26\">0<\/td>\n        <\/tr>\n        <tr>\n          <td>ARQUITECTURA DE PLATAFORMAS Y STI<\/td>\n          <td class=\"contador\" data-valor=\"35\">0<\/td>\n          <td class=\"contador\" data-valor=\"35\">0<\/td>\n          <td class=\"contador\" data-valor=\"21\">0<\/td>\n          <td class=\"contador\" data-valor=\"21\">0<\/td>\n        <\/tr>\n      <\/tbody>\n      <tfoot>\n        <tr>\n          <td><strong>Total<\/strong><\/td>\n          <td class=\"contador\" data-valor=\"118\">0<\/td>\n          <td class=\"contador\" data-valor=\"120\">0<\/td>\n          <td class=\"contador\" data-valor=\"111\">0<\/td>\n          <td class=\"contador\" data-valor=\"97\">0<\/td>\n        <\/tr>\n      <\/tfoot>\n    <\/table>\n  <\/div>\n\n  <!-- Tarjeta de Matriculados-->\n  <div class=\"card animar\">\n    <h3>Matr\u00edculas por A\u00f1o<\/h3>\n    <table>\n      <thead>\n        <tr>\n          <th>Programa de Estudios<\/th>\n          <th>2022<\/th>\n          <th>2023<\/th>\n          <th>2024<\/th>\n          <th>2025<\/th>\n        <\/tr>\n      <\/thead>\n      <tbody>\n        <tr>\n          <td>ENFERMERIA T\u00c9CNICA<\/td>\n          <td class=\"contador\" data-valor=\"106\">0<\/td>\n          <td class=\"contador\" data-valor=\"120\">0<\/td>\n          <td class=\"contador\" data-valor=\"120\">0<\/td>\n          <td class=\"contador\" data-valor=\"128\">0<\/td>\n        <\/tr>\n        <tr>\n          <td>CONTABILIDAD<\/td>\n          <td class=\"contador\" data-valor=\"70\">0<\/td>\n          <td class=\"contador\" data-valor=\"86\">0<\/td>\n          <td class=\"contador\" data-valor=\"83\">0<\/td>\n          <td class=\"contador\" data-valor=\"76\">0<\/td>\n        <\/tr>\n        <tr>\n          <td>ARQUITECTURA DE PLATAFORMAS Y STI<\/td>\n          <td class=\"contador\" data-valor=\"58\">0<\/td>\n          <td class=\"contador\" data-valor=\"66\">0<\/td>\n          <td class=\"contador\" data-valor=\"66\">0<\/td>\n          <td class=\"contador\" data-valor=\"44\">0<\/td>\n        <\/tr>\n      <\/tbody>\n      <tfoot>\n        <tr>\n          <td><strong>Total<\/strong><\/td>\n          <td class=\"contador\" data-valor=\"234\">0<\/td>\n          <td class=\"contador\" data-valor=\"272\">0<\/td>\n          <td class=\"contador\" data-valor=\"269\">0<\/td>\n          <td class=\"contador\" data-valor=\"248\">0<\/td>\n        <\/tr>\n      <\/tfoot>\n    <\/table>\n  <\/div>\n  <!-- Tarjeta de Egresados-->\n  <div class=\"card animar\">\n    <h3>Egresados por A\u00f1o<\/h3>\n    <table>\n      <thead>\n        <tr>\n          <th>Programa de Estudios<\/th>\n          <th>2022<\/th>\n          <th>2023<\/th>\n          <th>2024<\/th>\n          <th>2025<\/th>\n        <\/tr>\n      <\/thead>\n      <tbody>\n        <tr>\n          <td>ENFERMERIA T\u00c9CNICA<\/td>\n          <td class=\"contador\" data-valor=\"18\">0<\/td>\n          <td class=\"contador\" data-valor=\"41\">0<\/td>\n          <td class=\"contador\" data-valor=\"35\">0<\/td>\n          <td class=\"contador\" data-valor=\"39\">0<\/td>\n        <\/tr>\n        <tr>\n          <td>CONTABILIDAD<\/td>\n          <td class=\"contador\" data-valor=\"09\">0<\/td>\n          <td class=\"contador\" data-valor=\"23\">0<\/td>\n          <td class=\"contador\" data-valor=\"27\">0<\/td>\n          <td class=\"contador\" data-valor=\"25\">0<\/td>\n        <\/tr>\n        <tr>\n          <td>ARQUITECTURA DE PLATAFORMAS Y STI<\/td>\n          <td class=\"contador\" data-valor=\"14\">0<\/td>\n          <td class=\"contador\" data-valor=\"13\">0<\/td>\n          <td class=\"contador\" data-valor=\"18\">0<\/td>\n          <td class=\"contador\" data-valor=\"20\">0<\/td>\n        <\/tr>\n      <\/tbody>\n      <tfoot>\n        <tr>\n          <td><strong>Total<\/strong><\/td>\n          <td class=\"contador\" data-valor=\"41\">0<\/td>\n          <td class=\"contador\" data-valor=\"77\">0<\/td>\n          <td class=\"contador\" data-valor=\"80\">0<\/td>\n          <td class=\"contador\" data-valor=\"84\">0<\/td>\n        <\/tr>\n      <\/tfoot>\n    <\/table>\n  <\/div>\n<\/section>\n\n<style>\n\/* Secci\u00f3n *\/\n.estadisticas {\n  max-width: 1000px;\n  margin: 2rem auto;\n  padding: 1rem;\n  font-family: 'Segoe UI', Tahoma, sans-serif;\n}\n\n\/* T\u00edtulo *\/\n.titulo-seccion {\n  text-align: center;\n  margin-bottom: 2rem;\n}\n.titulo-seccion h2 {\n  font-size: 2rem;\n  color: #0d47a1;\n  animation: fadeInDown 1s ease;\n}\n.titulo-seccion p {\n  color: #555;\n  font-size: 1rem;\n  animation: fadeInUp 1s ease;\n}\n\n\/* Tarjetas *\/\n.card {\n  background: #fff;\n  border-radius: 12px;\n  box-shadow: 0 4px 15px rgba(0,0,0,0.1);\n  padding: 1.5rem;\n  margin-bottom: 2rem;\n  transition: all 0.3s ease-in-out;\n  opacity: 0;\n  transform: translateY(30px);\n}\n.card.animada {\n  opacity: 1;\n  transform: translateY(0);\n}\n.card:hover {\n  transform: translateY(-8px);\n  box-shadow: 0 6px 20px rgba(25,118,210,0.3);\n  border: 2px solid #1976d2;\n}\n.card h3 {\n  color: #1976d2;\n  margin-bottom: 1rem;\n}\n\n\/* Tabla *\/\ntable {\n  width: 100%;\n  border-collapse: collapse;\n  overflow: hidden;\n  border-radius: 10px;\n}\nthead {\n  background: #1976d2;\n  color: #fff;\n}\nth, td {\n  padding: 0.8rem;\n  text-align: center;\n}\ntbody tr:nth-child(even) {\n  background: #f5f5f5;\n}\ntfoot td {\n  font-weight: bold;\n  background: #e3f2fd;\n}\n\n\/* Animaciones *\/\n@keyframes fadeInDown {\n  from { opacity: 0; transform: translateY(-20px); }\n  to { opacity: 1; transform: translateY(0); }\n}\n@keyframes fadeInUp {\n  from { opacity: 0; transform: translateY(20px); }\n  to { opacity: 1; transform: translateY(0); }\n}\n\n\/* Responsive *\/\n@media (max-width: 768px) {\n  table, thead, tbody, th, td, tr {\n    display: block;\n  }\n  thead {\n    display: none;\n  }\n  tr {\n    margin-bottom: 1rem;\n    background: #f9f9f9;\n    border-radius: 8px;\n    padding: 0.5rem;\n  }\n  td {\n    text-align: right;\n    padding-left: 50%;\n    position: relative;\n  }\n  td::before {\n    content: attr(data-label);\n    position: absolute;\n    left: 1rem;\n    text-align: left;\n    font-weight: bold;\n  }\n}\n<\/style>\n\n<script>\n\/\/ Efecto animado para los n\u00fameros\nfunction animarContadores() {\n  const counters = document.querySelectorAll('.contador');\n  counters.forEach(counter => {\n    const valor = +counter.getAttribute('data-valor');\n    let actual = 0;\n    const incremento = Math.ceil(valor \/ 50);\n\n    const actualizar = setInterval(() => {\n      actual += incremento;\n      if (actual >= valor) {\n        actual = valor;\n        clearInterval(actualizar);\n      }\n      counter.textContent = actual;\n    }, 40);\n  });\n}\n\n\/\/ Animaci\u00f3n al cargar\ndocument.addEventListener(\"DOMContentLoaded\", () => {\n  const cards = document.querySelectorAll('.card');\n  setTimeout(() => {\n    cards.forEach((card, i) => {\n      setTimeout(() => card.classList.add('animada'), i * 300);\n    });\n    animarContadores();\n  }, 300);\n});\n<\/script>\n\n\n<blockquote class=\"wp-block-quote is-layout-flow wp-block-quote-is-layout-flow\">\n<p><\/p>\n<\/blockquote>\n\n\n\n<blockquote class=\"wp-block-quote is-layout-flow wp-block-quote-is-layout-flow\">\n<p><\/p>\n<\/blockquote>\n","protected":false},"excerpt":{"rendered":"<p>\ud83d\udcca Estad\u00edsticas Un resumen de la evoluci\u00f3n de nuestra poblaci\u00f3n estudiantil: ingresantes, matr\u00edculas y egresados. Ingresantes por A\u00f1o Programa de Estudios 2022 2023 2024 2025 ENFERMERIA TECNICA 0 0 0 0 CONTABILIDAD 0 0 0 0 ARQUITECTURA DE PLATAFORMAS Y STI 0 0 0 0 Total 0 0 0 0 Matr\u00edculas por A\u00f1o Programa de [&hellip;]<\/p>\n","protected":false},"author":1,"featured_media":0,"parent":0,"menu_order":0,"comment_status":"closed","ping_status":"open","template":"full-width","meta":{"saved_in_kubio":true,"footnotes":""},"class_list":["post-70","page","type-page","status-publish","hentry"],"kubio_ai_page_context":{"short_desc":"","purpose":"general"},"yoast_head":"<!-- This site is optimized with the Yoast SEO plugin v23.9 - https:\/\/yoast.com\/wordpress\/plugins\/seo\/ -->\n<title>Estad\u00edsticas - IESTP LAREDO<\/title>\n<meta name=\"robots\" content=\"index, follow, max-snippet:-1, max-image-preview:large, max-video-preview:-1\" \/>\n<link rel=\"canonical\" href=\"https:\/\/ieslaredo.edu.pe\/portal\/index.php\/estadisticas\/\" \/>\n<meta property=\"og:locale\" content=\"es_ES\" \/>\n<meta property=\"og:type\" content=\"article\" \/>\n<meta property=\"og:title\" content=\"Estad\u00edsticas - IESTP LAREDO\" \/>\n<meta property=\"og:description\" content=\"\ud83d\udcca Estad\u00edsticas Un resumen de la evoluci\u00f3n de nuestra poblaci\u00f3n estudiantil: ingresantes, matr\u00edculas y egresados. Ingresantes por A\u00f1o Programa de Estudios 2022 2023 2024 2025 ENFERMERIA TECNICA 0 0 0 0 CONTABILIDAD 0 0 0 0 ARQUITECTURA DE PLATAFORMAS Y STI 0 0 0 0 Total 0 0 0 0 Matr\u00edculas por A\u00f1o Programa de [&hellip;]\" \/>\n<meta property=\"og:url\" content=\"https:\/\/ieslaredo.edu.pe\/portal\/index.php\/estadisticas\/\" \/>\n<meta property=\"og:site_name\" content=\"IESTP LAREDO\" \/>\n<meta property=\"article:publisher\" content=\"https:\/\/web.facebook.com\/IESTPLAREDO?locale=es_LA\" \/>\n<meta property=\"article:modified_time\" content=\"2025-09-10T18:35:57+00:00\" \/>\n<meta property=\"og:image\" content=\"https:\/\/ieslaredo.edu.pe\/portal\/wp-content\/uploads\/2025\/04\/IESTP-LAREDO-1.png\" \/>\n\t<meta property=\"og:image:width\" content=\"600\" \/>\n\t<meta property=\"og:image:height\" content=\"424\" \/>\n\t<meta property=\"og:image:type\" content=\"image\/png\" \/>\n<meta name=\"twitter:card\" content=\"summary_large_image\" \/>\n<meta name=\"twitter:site\" content=\"@iestplaredo\" \/>\n<meta name=\"twitter:label1\" content=\"Est. reading time\" \/>\n\t<meta name=\"twitter:data1\" content=\"1 minuto\" \/>\n<script type=\"application\/ld+json\" class=\"yoast-schema-graph\">{\"@context\":\"https:\/\/schema.org\",\"@graph\":[{\"@type\":\"WebPage\",\"@id\":\"https:\/\/ieslaredo.edu.pe\/portal\/index.php\/estadisticas\/\",\"url\":\"https:\/\/ieslaredo.edu.pe\/portal\/index.php\/estadisticas\/\",\"name\":\"Estad\u00edsticas - IESTP LAREDO\",\"isPartOf\":{\"@id\":\"https:\/\/ieslaredo.edu.pe\/portal\/#website\"},\"datePublished\":\"2024-12-04T01:22:43+00:00\",\"dateModified\":\"2025-09-10T18:35:57+00:00\",\"breadcrumb\":{\"@id\":\"https:\/\/ieslaredo.edu.pe\/portal\/index.php\/estadisticas\/#breadcrumb\"},\"inLanguage\":\"es-PE\",\"potentialAction\":[{\"@type\":\"ReadAction\",\"target\":[\"https:\/\/ieslaredo.edu.pe\/portal\/index.php\/estadisticas\/\"]}]},{\"@type\":\"BreadcrumbList\",\"@id\":\"https:\/\/ieslaredo.edu.pe\/portal\/index.php\/estadisticas\/#breadcrumb\",\"itemListElement\":[{\"@type\":\"ListItem\",\"position\":1,\"name\":\"Portada\",\"item\":\"https:\/\/ieslaredo.edu.pe\/portal\/\"},{\"@type\":\"ListItem\",\"position\":2,\"name\":\"Estad\u00edsticas\"}]},{\"@type\":\"WebSite\",\"@id\":\"https:\/\/ieslaredo.edu.pe\/portal\/#website\",\"url\":\"https:\/\/ieslaredo.edu.pe\/portal\/\",\"name\":\"IESTP LAREDO\",\"description\":\"El IESTP \u201cLaredo\u201d, con 37 a\u00f1os de trayectoria, es una instituci\u00f3n l\u00edder en la formaci\u00f3n de profesionales t\u00e9cnicos en Enfermer\u00eda T\u00e9cnica, Contabilidad y Arquitectura de Plataformas y Servicios de Tecnolog\u00edas de la Informaci\u00f3n. Fue creado mediante R.M. R.D. N\u00ba 009-90-ED y N\u00ba 1681-90-ED para responder a las necesidades de formaci\u00f3n t\u00e9cnica en el pa\u00eds. Comprometidos con el desarrollo del pa\u00eds, brindamos una formaci\u00f3n human\u00edstica, cient\u00edfica y tecnol\u00f3gica de calidad, alineada con las exigencias del mercado laboral. Contamos con una plana docente altamente calificada, m\u00f3dulos tecnol\u00f3gicos actualizados y recursos multimedia, que permiten a nuestros m\u00e1s de 280 estudiantes adquirir competencias clave y valores s\u00f3lidos para su inserci\u00f3n exitosa en el mundo laboral y empresarial.\",\"publisher\":{\"@id\":\"https:\/\/ieslaredo.edu.pe\/portal\/#organization\"},\"alternateName\":\"IESTP LAREDO\",\"potentialAction\":[{\"@type\":\"SearchAction\",\"target\":{\"@type\":\"EntryPoint\",\"urlTemplate\":\"https:\/\/ieslaredo.edu.pe\/portal\/?s={search_term_string}\"},\"query-input\":{\"@type\":\"PropertyValueSpecification\",\"valueRequired\":true,\"valueName\":\"search_term_string\"}}],\"inLanguage\":\"es-PE\"},{\"@type\":\"Organization\",\"@id\":\"https:\/\/ieslaredo.edu.pe\/portal\/#organization\",\"name\":\"IESTP LAREDO\",\"alternateName\":\"IESTP LAREDO\",\"url\":\"https:\/\/ieslaredo.edu.pe\/portal\/\",\"logo\":{\"@type\":\"ImageObject\",\"inLanguage\":\"es-PE\",\"@id\":\"https:\/\/ieslaredo.edu.pe\/portal\/#\/schema\/logo\/image\/\",\"url\":\"https:\/\/ieslaredo.edu.pe\/portal\/wp-content\/uploads\/2025\/04\/IESTP-LAREDO-1.png\",\"contentUrl\":\"https:\/\/ieslaredo.edu.pe\/portal\/wp-content\/uploads\/2025\/04\/IESTP-LAREDO-1.png\",\"width\":600,\"height\":424,\"caption\":\"IESTP LAREDO\"},\"image\":{\"@id\":\"https:\/\/ieslaredo.edu.pe\/portal\/#\/schema\/logo\/image\/\"},\"sameAs\":[\"https:\/\/web.facebook.com\/IESTPLAREDO?locale=es_LA\",\"https:\/\/x.com\/iestplaredo\"]}]}<\/script>\n<!-- \/ Yoast SEO plugin. -->","yoast_head_json":{"title":"Estad\u00edsticas - IESTP LAREDO","robots":{"index":"index","follow":"follow","max-snippet":"max-snippet:-1","max-image-preview":"max-image-preview:large","max-video-preview":"max-video-preview:-1"},"canonical":"https:\/\/ieslaredo.edu.pe\/portal\/index.php\/estadisticas\/","og_locale":"es_ES","og_type":"article","og_title":"Estad\u00edsticas - IESTP LAREDO","og_description":"\ud83d\udcca Estad\u00edsticas Un resumen de la evoluci\u00f3n de nuestra poblaci\u00f3n estudiantil: ingresantes, matr\u00edculas y egresados. Ingresantes por A\u00f1o Programa de Estudios 2022 2023 2024 2025 ENFERMERIA TECNICA 0 0 0 0 CONTABILIDAD 0 0 0 0 ARQUITECTURA DE PLATAFORMAS Y STI 0 0 0 0 Total 0 0 0 0 Matr\u00edculas por A\u00f1o Programa de [&hellip;]","og_url":"https:\/\/ieslaredo.edu.pe\/portal\/index.php\/estadisticas\/","og_site_name":"IESTP LAREDO","article_publisher":"https:\/\/web.facebook.com\/IESTPLAREDO?locale=es_LA","article_modified_time":"2025-09-10T18:35:57+00:00","og_image":[{"width":600,"height":424,"url":"https:\/\/ieslaredo.edu.pe\/portal\/wp-content\/uploads\/2025\/04\/IESTP-LAREDO-1.png","type":"image\/png"}],"twitter_card":"summary_large_image","twitter_site":"@iestplaredo","twitter_misc":{"Est. reading time":"1 minuto"},"schema":{"@context":"https:\/\/schema.org","@graph":[{"@type":"WebPage","@id":"https:\/\/ieslaredo.edu.pe\/portal\/index.php\/estadisticas\/","url":"https:\/\/ieslaredo.edu.pe\/portal\/index.php\/estadisticas\/","name":"Estad\u00edsticas - IESTP LAREDO","isPartOf":{"@id":"https:\/\/ieslaredo.edu.pe\/portal\/#website"},"datePublished":"2024-12-04T01:22:43+00:00","dateModified":"2025-09-10T18:35:57+00:00","breadcrumb":{"@id":"https:\/\/ieslaredo.edu.pe\/portal\/index.php\/estadisticas\/#breadcrumb"},"inLanguage":"es-PE","potentialAction":[{"@type":"ReadAction","target":["https:\/\/ieslaredo.edu.pe\/portal\/index.php\/estadisticas\/"]}]},{"@type":"BreadcrumbList","@id":"https:\/\/ieslaredo.edu.pe\/portal\/index.php\/estadisticas\/#breadcrumb","itemListElement":[{"@type":"ListItem","position":1,"name":"Portada","item":"https:\/\/ieslaredo.edu.pe\/portal\/"},{"@type":"ListItem","position":2,"name":"Estad\u00edsticas"}]},{"@type":"WebSite","@id":"https:\/\/ieslaredo.edu.pe\/portal\/#website","url":"https:\/\/ieslaredo.edu.pe\/portal\/","name":"IESTP LAREDO","description":"El IESTP \u201cLaredo\u201d, con 37 a\u00f1os de trayectoria, es una instituci\u00f3n l\u00edder en la formaci\u00f3n de profesionales t\u00e9cnicos en Enfermer\u00eda T\u00e9cnica, Contabilidad y Arquitectura de Plataformas y Servicios de Tecnolog\u00edas de la Informaci\u00f3n. Fue creado mediante R.M. R.D. N\u00ba 009-90-ED y N\u00ba 1681-90-ED para responder a las necesidades de formaci\u00f3n t\u00e9cnica en el pa\u00eds. Comprometidos con el desarrollo del pa\u00eds, brindamos una formaci\u00f3n human\u00edstica, cient\u00edfica y tecnol\u00f3gica de calidad, alineada con las exigencias del mercado laboral. Contamos con una plana docente altamente calificada, m\u00f3dulos tecnol\u00f3gicos actualizados y recursos multimedia, que permiten a nuestros m\u00e1s de 280 estudiantes adquirir competencias clave y valores s\u00f3lidos para su inserci\u00f3n exitosa en el mundo laboral y empresarial.","publisher":{"@id":"https:\/\/ieslaredo.edu.pe\/portal\/#organization"},"alternateName":"IESTP LAREDO","potentialAction":[{"@type":"SearchAction","target":{"@type":"EntryPoint","urlTemplate":"https:\/\/ieslaredo.edu.pe\/portal\/?s={search_term_string}"},"query-input":{"@type":"PropertyValueSpecification","valueRequired":true,"valueName":"search_term_string"}}],"inLanguage":"es-PE"},{"@type":"Organization","@id":"https:\/\/ieslaredo.edu.pe\/portal\/#organization","name":"IESTP LAREDO","alternateName":"IESTP LAREDO","url":"https:\/\/ieslaredo.edu.pe\/portal\/","logo":{"@type":"ImageObject","inLanguage":"es-PE","@id":"https:\/\/ieslaredo.edu.pe\/portal\/#\/schema\/logo\/image\/","url":"https:\/\/ieslaredo.edu.pe\/portal\/wp-content\/uploads\/2025\/04\/IESTP-LAREDO-1.png","contentUrl":"https:\/\/ieslaredo.edu.pe\/portal\/wp-content\/uploads\/2025\/04\/IESTP-LAREDO-1.png","width":600,"height":424,"caption":"IESTP LAREDO"},"image":{"@id":"https:\/\/ieslaredo.edu.pe\/portal\/#\/schema\/logo\/image\/"},"sameAs":["https:\/\/web.facebook.com\/IESTPLAREDO?locale=es_LA","https:\/\/x.com\/iestplaredo"]}]}},"_links":{"self":[{"href":"https:\/\/ieslaredo.edu.pe\/portal\/index.php\/wp-json\/wp\/v2\/pages\/70","targetHints":{"allow":["GET"]}}],"collection":[{"href":"https:\/\/ieslaredo.edu.pe\/portal\/index.php\/wp-json\/wp\/v2\/pages"}],"about":[{"href":"https:\/\/ieslaredo.edu.pe\/portal\/index.php\/wp-json\/wp\/v2\/types\/page"}],"author":[{"embeddable":true,"href":"https:\/\/ieslaredo.edu.pe\/portal\/index.php\/wp-json\/wp\/v2\/users\/1"}],"replies":[{"embeddable":true,"href":"https:\/\/ieslaredo.edu.pe\/portal\/index.php\/wp-json\/wp\/v2\/comments?post=70"}],"version-history":[{"count":10,"href":"https:\/\/ieslaredo.edu.pe\/portal\/index.php\/wp-json\/wp\/v2\/pages\/70\/revisions"}],"predecessor-version":[{"id":2565,"href":"https:\/\/ieslaredo.edu.pe\/portal\/index.php\/wp-json\/wp\/v2\/pages\/70\/revisions\/2565"}],"wp:attachment":[{"href":"https:\/\/ieslaredo.edu.pe\/portal\/index.php\/wp-json\/wp\/v2\/media?parent=70"}],"curies":[{"name":"wp","href":"https:\/\/api.w.org\/{rel}","templated":true}]}}