{"id":55,"date":"2024-12-04T01:19:58","date_gmt":"2024-12-04T01:19:58","guid":{"rendered":"https:\/\/iesp-hectorvasquezjimenez.edu.pe\/portal\/?page_id=55"},"modified":"2025-09-17T13:21:16","modified_gmt":"2025-09-17T18:21:16","slug":"becas","status":"publish","type":"page","link":"https:\/\/ieslaredo.edu.pe\/portal\/index.php\/becas\/","title":{"rendered":"Calendario Acad\u00e9mico"},"content":{"rendered":"\n<blockquote class=\"wp-block-quote is-layout-flow wp-block-quote-is-layout-flow\">\n<p><\/p>\n<\/blockquote>\n\n\n\n<blockquote class=\"wp-block-quote is-layout-flow wp-block-quote-is-layout-flow\">\n\n\n<p class=\"has-text-align-left has-kubio-color-6-color has-text-color has-link-color has-large-font-size wp-elements-3fd0d6a47b8170a3f1c1cc3210dd3380\" style=\"padding-top:0px;padding-bottom:0px;text-transform:uppercase\"><strong>Calendario Acad\u00e9mico 2025<\/strong><\/p>\n<\/blockquote>\n\n\n\n<figure class=\"wp-block-table is-style-stripes\" style=\"padding-top:var(--wp--preset--spacing--20);padding-right:0;padding-bottom:var(--wp--preset--spacing--20);padding-left:0;font-size:15px\"><table class=\"has-background has-fixed-layout\" style=\"background-color:#3775cb4d;border-width:10px\"><thead><tr><th class=\"has-text-align-center\" data-align=\"center\"><mark style=\"background-color:rgba(0, 0, 0, 0)\" class=\"has-inline-color has-kubio-color-1-color\">ACTIVIDAD<\/mark><\/th><th class=\"has-text-align-center\" data-align=\"center\"><mark style=\"background-color:rgba(0, 0, 0, 0)\" class=\"has-inline-color has-kubio-color-1-color\">FECHA<\/mark><\/th><\/tr><\/thead><tbody><tr><td class=\"has-text-align-center\" data-align=\"center\">TRASLADOS INTERNOS Y EXTERNOS<\/td><td class=\"has-text-align-center\" data-align=\"center\">&nbsp;17\/03\/25 al 28\/03\/25<\/td><\/tr><tr><td class=\"has-text-align-center\" data-align=\"center\">CONVALIDACIONES<\/td><td class=\"has-text-align-center\" data-align=\"center\">17\/03\/25 al 26\/03\/25<\/td><\/tr><tr><td class=\"has-text-align-center\" data-align=\"center\">RATIFICACI\u00d3N DE MATRICULA<\/td><td class=\"has-text-align-center\" data-align=\"center\">03\/03\/25 al 03\/04\/25<\/td><\/tr><tr><td class=\"has-text-align-center\" data-align=\"center\">CONVOCATORIA ADMISI\u00d3N EXONERADOS<\/td><td class=\"has-text-align-center\" data-align=\"center\">21\/03\/25 al 27\/03\/25<\/td><\/tr><tr><td class=\"has-text-align-center\" data-align=\"center\">EXAMEN DE ADMISI\u00d3N (V\u00cdA PRESENCIAL)<\/td><td class=\"has-text-align-center\" data-align=\"center\">04\/04\/25<\/td><\/tr><tr><td class=\"has-text-align-center\" data-align=\"center\">MATRICULA INGRESANTES<\/td><td class=\"has-text-align-center\" data-align=\"center\">07\/04\/25 al 09\/04\/25<\/td><\/tr><tr><td class=\"has-text-align-center\" data-align=\"center\">MATRICULA EXTEMPOR\u00c1NEA<\/td><td class=\"has-text-align-center\" data-align=\"center\">Hasta 11\/04\/25<\/td><\/tr><tr><td class=\"has-text-align-center\" data-align=\"center\">AMPLIACI\u00d3N DE EXAMEN DE ADMISI\u00d3N<\/td><td class=\"has-text-align-center\" data-align=\"center\">Hasta 11\/04\/25<\/td><\/tr><tr><td class=\"has-text-align-center\" data-align=\"center\">MATRICULA INGRESANTES<\/td><td class=\"has-text-align-center\" data-align=\"center\">Hasta 14\/04\/25<\/td><\/tr><tr><td class=\"has-text-align-center\" data-align=\"center\">INICIO DE CLASES &#8211; EJECUCI\u00d3N CURRICULAR 2025-I<\/td><td class=\"has-text-align-center\" data-align=\"center\">07\/04\/25<\/td><\/tr><tr><td class=\"has-text-align-center\" data-align=\"center\">RECUPERACI\u00d3N\/RETROALIMENTACI\u00d3N<\/td><td class=\"has-text-align-center\" data-align=\"center\">28\/07\/25 al 01\/08\/25<\/td><\/tr><tr><td class=\"has-text-align-center\" data-align=\"center\">RECUPERACI\u00d3N<\/td><td class=\"has-text-align-center\" data-align=\"center\">04\/08\/25 al 08\/08\/25<\/td><\/tr><tr><td class=\"has-text-align-center\" data-align=\"center\">RATIFICACI\u00d3N DE MATRICULAS, ENTREGA DE DOCUMENTACI\u00d3N Y OTROS<\/td><td class=\"has-text-align-center\" data-align=\"center\">11\/08\/25 al 15\/08\/25<\/td><\/tr><tr><td class=\"has-text-align-center\" data-align=\"center\">INICIO DE CLASES &#8211; EJECUCI\u00d3N CURRICULAR 2025-II<\/td><td class=\"has-text-align-center\" data-align=\"center\">18\/08\/25<\/td><\/tr><tr><td class=\"has-text-align-center\" data-align=\"center\">RECUPERACI\u00d3N\/RETROALIMENTACI\u00d3N<\/td><td class=\"has-text-align-center\" data-align=\"center\">08\/12\/25 al 12\/12\/25<\/td><\/tr><tr><td class=\"has-text-align-center\" data-align=\"center\">RECUPERACI\u00d3N<\/td><td class=\"has-text-align-center\" data-align=\"center\">15\/12\/25 al 19\/12\/25<\/td><\/tr><tr><td class=\"has-text-align-center\" data-align=\"center\">ENTREGA DOCUMENTOS FINALES II PERIODO LECTIVO, INVENTARIOS Y OTROS<\/td><td class=\"has-text-align-center\" data-align=\"center\">22\/12\/25 al 30\/12\/25<\/td><\/tr><tr><td class=\"has-text-align-center\" data-align=\"center\">CLAUSURA DE A\u00d1O LECTIVO ACAD\u00c9MICO 2025<\/td><td class=\"has-text-align-center\" data-align=\"center\">31\/12\/25<\/td><\/tr><\/tbody><\/table><\/figure>\n\n\n","protected":false},"excerpt":{"rendered":"<p>ACTIVIDAD FECHA TRASLADOS INTERNOS Y EXTERNOS &nbsp;17\/03\/25 al 28\/03\/25 CONVALIDACIONES 17\/03\/25 al 26\/03\/25 RATIFICACI\u00d3N DE MATRICULA 03\/03\/25 al 03\/04\/25 CONVOCATORIA ADMISI\u00d3N EXONERADOS 21\/03\/25 al 27\/03\/25 EXAMEN DE ADMISI\u00d3N (V\u00cdA PRESENCIAL) 04\/04\/25 MATRICULA INGRESANTES 07\/04\/25 al 09\/04\/25 MATRICULA EXTEMPOR\u00c1NEA Hasta 11\/04\/25 AMPLIACI\u00d3N DE EXAMEN DE ADMISI\u00d3N Hasta 11\/04\/25 MATRICULA INGRESANTES Hasta 14\/04\/25 INICIO DE CLASES &#8211; [&hellip;]<\/p>\n","protected":false},"author":1,"featured_media":0,"parent":0,"menu_order":0,"comment_status":"closed","ping_status":"open","template":"full-width","meta":{"saved_in_kubio":true,"footnotes":""},"class_list":["post-55","page","type-page","status-publish","hentry"],"kubio_ai_page_context":{"short_desc":"","purpose":"general"},"yoast_head":"<!-- This site is optimized with the Yoast SEO plugin v23.9 - https:\/\/yoast.com\/wordpress\/plugins\/seo\/ -->\n<title>Calendario Acad\u00e9mico - IESTP LAREDO<\/title>\n<meta name=\"robots\" content=\"index, follow, max-snippet:-1, max-image-preview:large, max-video-preview:-1\" \/>\n<link rel=\"canonical\" href=\"https:\/\/ieslaredo.edu.pe\/portal\/index.php\/becas\/\" \/>\n<meta property=\"og:locale\" content=\"es_ES\" \/>\n<meta property=\"og:type\" content=\"article\" \/>\n<meta property=\"og:title\" content=\"Calendario Acad\u00e9mico - IESTP LAREDO\" \/>\n<meta property=\"og:description\" content=\"ACTIVIDAD FECHA TRASLADOS INTERNOS Y EXTERNOS &nbsp;17\/03\/25 al 28\/03\/25 CONVALIDACIONES 17\/03\/25 al 26\/03\/25 RATIFICACI\u00d3N DE MATRICULA 03\/03\/25 al 03\/04\/25 CONVOCATORIA ADMISI\u00d3N EXONERADOS 21\/03\/25 al 27\/03\/25 EXAMEN DE ADMISI\u00d3N (V\u00cdA PRESENCIAL) 04\/04\/25 MATRICULA INGRESANTES 07\/04\/25 al 09\/04\/25 MATRICULA EXTEMPOR\u00c1NEA Hasta 11\/04\/25 AMPLIACI\u00d3N DE EXAMEN DE ADMISI\u00d3N Hasta 11\/04\/25 MATRICULA INGRESANTES Hasta 14\/04\/25 INICIO DE CLASES &#8211; [&hellip;]\" \/>\n<meta property=\"og:url\" content=\"https:\/\/ieslaredo.edu.pe\/portal\/index.php\/becas\/\" \/>\n<meta property=\"og:site_name\" content=\"IESTP LAREDO\" \/>\n<meta property=\"article:publisher\" content=\"https:\/\/web.facebook.com\/IESTPLAREDO?locale=es_LA\" \/>\n<meta property=\"article:modified_time\" content=\"2025-09-17T18:21:16+00:00\" \/>\n<meta property=\"og:image\" content=\"https:\/\/ieslaredo.edu.pe\/portal\/wp-content\/uploads\/2025\/04\/IESTP-LAREDO-1.png\" \/>\n\t<meta property=\"og:image:width\" content=\"600\" \/>\n\t<meta property=\"og:image:height\" content=\"424\" \/>\n\t<meta property=\"og:image:type\" content=\"image\/png\" \/>\n<meta name=\"twitter:card\" content=\"summary_large_image\" \/>\n<meta name=\"twitter:site\" content=\"@iestplaredo\" \/>\n<script type=\"application\/ld+json\" class=\"yoast-schema-graph\">{\"@context\":\"https:\/\/schema.org\",\"@graph\":[{\"@type\":\"WebPage\",\"@id\":\"https:\/\/ieslaredo.edu.pe\/portal\/index.php\/becas\/\",\"url\":\"https:\/\/ieslaredo.edu.pe\/portal\/index.php\/becas\/\",\"name\":\"Calendario Acad\u00e9mico - IESTP LAREDO\",\"isPartOf\":{\"@id\":\"https:\/\/ieslaredo.edu.pe\/portal\/#website\"},\"datePublished\":\"2024-12-04T01:19:58+00:00\",\"dateModified\":\"2025-09-17T18:21:16+00:00\",\"breadcrumb\":{\"@id\":\"https:\/\/ieslaredo.edu.pe\/portal\/index.php\/becas\/#breadcrumb\"},\"inLanguage\":\"es-PE\",\"potentialAction\":[{\"@type\":\"ReadAction\",\"target\":[\"https:\/\/ieslaredo.edu.pe\/portal\/index.php\/becas\/\"]}]},{\"@type\":\"BreadcrumbList\",\"@id\":\"https:\/\/ieslaredo.edu.pe\/portal\/index.php\/becas\/#breadcrumb\",\"itemListElement\":[{\"@type\":\"ListItem\",\"position\":1,\"name\":\"Portada\",\"item\":\"https:\/\/ieslaredo.edu.pe\/portal\/\"},{\"@type\":\"ListItem\",\"position\":2,\"name\":\"Calendario Acad\u00e9mico\"}]},{\"@type\":\"WebSite\",\"@id\":\"https:\/\/ieslaredo.edu.pe\/portal\/#website\",\"url\":\"https:\/\/ieslaredo.edu.pe\/portal\/\",\"name\":\"IESTP LAREDO\",\"description\":\"El IESTP \u201cLaredo\u201d, con 37 a\u00f1os de trayectoria, es una instituci\u00f3n l\u00edder en la formaci\u00f3n de profesionales t\u00e9cnicos en Enfermer\u00eda T\u00e9cnica, Contabilidad y Arquitectura de Plataformas y Servicios de Tecnolog\u00edas de la Informaci\u00f3n. Fue creado mediante R.M. R.D. N\u00ba 009-90-ED y N\u00ba 1681-90-ED para responder a las necesidades de formaci\u00f3n t\u00e9cnica en el pa\u00eds. Comprometidos con el desarrollo del pa\u00eds, brindamos una formaci\u00f3n human\u00edstica, cient\u00edfica y tecnol\u00f3gica de calidad, alineada con las exigencias del mercado laboral. Contamos con una plana docente altamente calificada, m\u00f3dulos tecnol\u00f3gicos actualizados y recursos multimedia, que permiten a nuestros m\u00e1s de 280 estudiantes adquirir competencias clave y valores s\u00f3lidos para su inserci\u00f3n exitosa en el mundo laboral y empresarial.\",\"publisher\":{\"@id\":\"https:\/\/ieslaredo.edu.pe\/portal\/#organization\"},\"alternateName\":\"IESTP LAREDO\",\"potentialAction\":[{\"@type\":\"SearchAction\",\"target\":{\"@type\":\"EntryPoint\",\"urlTemplate\":\"https:\/\/ieslaredo.edu.pe\/portal\/?s={search_term_string}\"},\"query-input\":{\"@type\":\"PropertyValueSpecification\",\"valueRequired\":true,\"valueName\":\"search_term_string\"}}],\"inLanguage\":\"es-PE\"},{\"@type\":\"Organization\",\"@id\":\"https:\/\/ieslaredo.edu.pe\/portal\/#organization\",\"name\":\"IESTP LAREDO\",\"alternateName\":\"IESTP LAREDO\",\"url\":\"https:\/\/ieslaredo.edu.pe\/portal\/\",\"logo\":{\"@type\":\"ImageObject\",\"inLanguage\":\"es-PE\",\"@id\":\"https:\/\/ieslaredo.edu.pe\/portal\/#\/schema\/logo\/image\/\",\"url\":\"https:\/\/ieslaredo.edu.pe\/portal\/wp-content\/uploads\/2025\/04\/IESTP-LAREDO-1.png\",\"contentUrl\":\"https:\/\/ieslaredo.edu.pe\/portal\/wp-content\/uploads\/2025\/04\/IESTP-LAREDO-1.png\",\"width\":600,\"height\":424,\"caption\":\"IESTP LAREDO\"},\"image\":{\"@id\":\"https:\/\/ieslaredo.edu.pe\/portal\/#\/schema\/logo\/image\/\"},\"sameAs\":[\"https:\/\/web.facebook.com\/IESTPLAREDO?locale=es_LA\",\"https:\/\/x.com\/iestplaredo\"]}]}<\/script>\n<!-- \/ Yoast SEO plugin. -->","yoast_head_json":{"title":"Calendario Acad\u00e9mico - IESTP LAREDO","robots":{"index":"index","follow":"follow","max-snippet":"max-snippet:-1","max-image-preview":"max-image-preview:large","max-video-preview":"max-video-preview:-1"},"canonical":"https:\/\/ieslaredo.edu.pe\/portal\/index.php\/becas\/","og_locale":"es_ES","og_type":"article","og_title":"Calendario Acad\u00e9mico - IESTP LAREDO","og_description":"ACTIVIDAD FECHA TRASLADOS INTERNOS Y EXTERNOS &nbsp;17\/03\/25 al 28\/03\/25 CONVALIDACIONES 17\/03\/25 al 26\/03\/25 RATIFICACI\u00d3N DE MATRICULA 03\/03\/25 al 03\/04\/25 CONVOCATORIA ADMISI\u00d3N EXONERADOS 21\/03\/25 al 27\/03\/25 EXAMEN DE ADMISI\u00d3N (V\u00cdA PRESENCIAL) 04\/04\/25 MATRICULA INGRESANTES 07\/04\/25 al 09\/04\/25 MATRICULA EXTEMPOR\u00c1NEA Hasta 11\/04\/25 AMPLIACI\u00d3N DE EXAMEN DE ADMISI\u00d3N Hasta 11\/04\/25 MATRICULA INGRESANTES Hasta 14\/04\/25 INICIO DE CLASES &#8211; [&hellip;]","og_url":"https:\/\/ieslaredo.edu.pe\/portal\/index.php\/becas\/","og_site_name":"IESTP LAREDO","article_publisher":"https:\/\/web.facebook.com\/IESTPLAREDO?locale=es_LA","article_modified_time":"2025-09-17T18:21:16+00:00","og_image":[{"width":600,"height":424,"url":"https:\/\/ieslaredo.edu.pe\/portal\/wp-content\/uploads\/2025\/04\/IESTP-LAREDO-1.png","type":"image\/png"}],"twitter_card":"summary_large_image","twitter_site":"@iestplaredo","schema":{"@context":"https:\/\/schema.org","@graph":[{"@type":"WebPage","@id":"https:\/\/ieslaredo.edu.pe\/portal\/index.php\/becas\/","url":"https:\/\/ieslaredo.edu.pe\/portal\/index.php\/becas\/","name":"Calendario Acad\u00e9mico - IESTP LAREDO","isPartOf":{"@id":"https:\/\/ieslaredo.edu.pe\/portal\/#website"},"datePublished":"2024-12-04T01:19:58+00:00","dateModified":"2025-09-17T18:21:16+00:00","breadcrumb":{"@id":"https:\/\/ieslaredo.edu.pe\/portal\/index.php\/becas\/#breadcrumb"},"inLanguage":"es-PE","potentialAction":[{"@type":"ReadAction","target":["https:\/\/ieslaredo.edu.pe\/portal\/index.php\/becas\/"]}]},{"@type":"BreadcrumbList","@id":"https:\/\/ieslaredo.edu.pe\/portal\/index.php\/becas\/#breadcrumb","itemListElement":[{"@type":"ListItem","position":1,"name":"Portada","item":"https:\/\/ieslaredo.edu.pe\/portal\/"},{"@type":"ListItem","position":2,"name":"Calendario Acad\u00e9mico"}]},{"@type":"WebSite","@id":"https:\/\/ieslaredo.edu.pe\/portal\/#website","url":"https:\/\/ieslaredo.edu.pe\/portal\/","name":"IESTP LAREDO","description":"El IESTP \u201cLaredo\u201d, con 37 a\u00f1os de trayectoria, es una instituci\u00f3n l\u00edder en la formaci\u00f3n de profesionales t\u00e9cnicos en Enfermer\u00eda T\u00e9cnica, Contabilidad y Arquitectura de Plataformas y Servicios de Tecnolog\u00edas de la Informaci\u00f3n. Fue creado mediante R.M. R.D. N\u00ba 009-90-ED y N\u00ba 1681-90-ED para responder a las necesidades de formaci\u00f3n t\u00e9cnica en el pa\u00eds. Comprometidos con el desarrollo del pa\u00eds, brindamos una formaci\u00f3n human\u00edstica, cient\u00edfica y tecnol\u00f3gica de calidad, alineada con las exigencias del mercado laboral. Contamos con una plana docente altamente calificada, m\u00f3dulos tecnol\u00f3gicos actualizados y recursos multimedia, que permiten a nuestros m\u00e1s de 280 estudiantes adquirir competencias clave y valores s\u00f3lidos para su inserci\u00f3n exitosa en el mundo laboral y empresarial.","publisher":{"@id":"https:\/\/ieslaredo.edu.pe\/portal\/#organization"},"alternateName":"IESTP LAREDO","potentialAction":[{"@type":"SearchAction","target":{"@type":"EntryPoint","urlTemplate":"https:\/\/ieslaredo.edu.pe\/portal\/?s={search_term_string}"},"query-input":{"@type":"PropertyValueSpecification","valueRequired":true,"valueName":"search_term_string"}}],"inLanguage":"es-PE"},{"@type":"Organization","@id":"https:\/\/ieslaredo.edu.pe\/portal\/#organization","name":"IESTP LAREDO","alternateName":"IESTP LAREDO","url":"https:\/\/ieslaredo.edu.pe\/portal\/","logo":{"@type":"ImageObject","inLanguage":"es-PE","@id":"https:\/\/ieslaredo.edu.pe\/portal\/#\/schema\/logo\/image\/","url":"https:\/\/ieslaredo.edu.pe\/portal\/wp-content\/uploads\/2025\/04\/IESTP-LAREDO-1.png","contentUrl":"https:\/\/ieslaredo.edu.pe\/portal\/wp-content\/uploads\/2025\/04\/IESTP-LAREDO-1.png","width":600,"height":424,"caption":"IESTP LAREDO"},"image":{"@id":"https:\/\/ieslaredo.edu.pe\/portal\/#\/schema\/logo\/image\/"},"sameAs":["https:\/\/web.facebook.com\/IESTPLAREDO?locale=es_LA","https:\/\/x.com\/iestplaredo"]}]}},"_links":{"self":[{"href":"https:\/\/ieslaredo.edu.pe\/portal\/index.php\/wp-json\/wp\/v2\/pages\/55","targetHints":{"allow":["GET"]}}],"collection":[{"href":"https:\/\/ieslaredo.edu.pe\/portal\/index.php\/wp-json\/wp\/v2\/pages"}],"about":[{"href":"https:\/\/ieslaredo.edu.pe\/portal\/index.php\/wp-json\/wp\/v2\/types\/page"}],"author":[{"embeddable":true,"href":"https:\/\/ieslaredo.edu.pe\/portal\/index.php\/wp-json\/wp\/v2\/users\/1"}],"replies":[{"embeddable":true,"href":"https:\/\/ieslaredo.edu.pe\/portal\/index.php\/wp-json\/wp\/v2\/comments?post=55"}],"version-history":[{"count":19,"href":"https:\/\/ieslaredo.edu.pe\/portal\/index.php\/wp-json\/wp\/v2\/pages\/55\/revisions"}],"predecessor-version":[{"id":2606,"href":"https:\/\/ieslaredo.edu.pe\/portal\/index.php\/wp-json\/wp\/v2\/pages\/55\/revisions\/2606"}],"wp:attachment":[{"href":"https:\/\/ieslaredo.edu.pe\/portal\/index.php\/wp-json\/wp\/v2\/media?parent=55"}],"curies":[{"name":"wp","href":"https:\/\/api.w.org\/{rel}","templated":true}]}}