{"id":518,"date":"2025-03-14T12:21:32","date_gmt":"2025-03-14T17:21:32","guid":{"rendered":"https:\/\/ieslaredo.edu.pe\/portal\/?page_id=518"},"modified":"2025-09-05T08:39:38","modified_gmt":"2025-09-05T13:39:38","slug":"inversiones-y-donaciones-2","status":"publish","type":"page","link":"https:\/\/ieslaredo.edu.pe\/portal\/index.php\/inversiones-y-donaciones-2\/","title":{"rendered":"Inversiones y Donaciones"},"content":{"rendered":"","protected":false},"excerpt":{"rendered":"","protected":false},"author":1,"featured_media":0,"parent":0,"menu_order":0,"comment_status":"closed","ping_status":"closed","template":"full-width","meta":{"saved_in_kubio":true,"footnotes":""},"class_list":["post-518","page","type-page","status-publish","hentry"],"kubio_ai_page_context":{"short_desc":"","purpose":"general"},"yoast_head":"<!-- This site is optimized with the Yoast SEO plugin v23.9 - https:\/\/yoast.com\/wordpress\/plugins\/seo\/ -->\n<title>Inversiones y Donaciones - IESTP LAREDO<\/title>\n<meta name=\"robots\" content=\"index, follow, max-snippet:-1, max-image-preview:large, max-video-preview:-1\" \/>\n<link rel=\"canonical\" href=\"https:\/\/ieslaredo.edu.pe\/portal\/index.php\/inversiones-y-donaciones-2\/\" \/>\n<meta property=\"og:locale\" content=\"es_ES\" \/>\n<meta property=\"og:type\" content=\"article\" \/>\n<meta property=\"og:title\" content=\"Inversiones y Donaciones - IESTP LAREDO\" \/>\n<meta property=\"og:url\" content=\"https:\/\/ieslaredo.edu.pe\/portal\/index.php\/inversiones-y-donaciones-2\/\" \/>\n<meta property=\"og:site_name\" content=\"IESTP LAREDO\" \/>\n<meta property=\"article:publisher\" content=\"https:\/\/web.facebook.com\/IESTPLAREDO?locale=es_LA\" \/>\n<meta property=\"article:modified_time\" content=\"2025-09-05T13:39:38+00:00\" \/>\n<meta property=\"og:image\" content=\"https:\/\/ieslaredo.edu.pe\/portal\/wp-content\/uploads\/2025\/04\/IESTP-LAREDO-1.png\" \/>\n\t<meta property=\"og:image:width\" content=\"600\" \/>\n\t<meta property=\"og:image:height\" content=\"424\" \/>\n\t<meta property=\"og:image:type\" content=\"image\/png\" \/>\n<meta name=\"twitter:card\" content=\"summary_large_image\" \/>\n<meta name=\"twitter:site\" content=\"@iestplaredo\" \/>\n<script type=\"application\/ld+json\" class=\"yoast-schema-graph\">{\"@context\":\"https:\/\/schema.org\",\"@graph\":[{\"@type\":\"WebPage\",\"@id\":\"https:\/\/ieslaredo.edu.pe\/portal\/index.php\/inversiones-y-donaciones-2\/\",\"url\":\"https:\/\/ieslaredo.edu.pe\/portal\/index.php\/inversiones-y-donaciones-2\/\",\"name\":\"Inversiones y Donaciones - IESTP LAREDO\",\"isPartOf\":{\"@id\":\"https:\/\/ieslaredo.edu.pe\/portal\/#website\"},\"datePublished\":\"2025-03-14T17:21:32+00:00\",\"dateModified\":\"2025-09-05T13:39:38+00:00\",\"breadcrumb\":{\"@id\":\"https:\/\/ieslaredo.edu.pe\/portal\/index.php\/inversiones-y-donaciones-2\/#breadcrumb\"},\"inLanguage\":\"es-PE\",\"potentialAction\":[{\"@type\":\"ReadAction\",\"target\":[\"https:\/\/ieslaredo.edu.pe\/portal\/index.php\/inversiones-y-donaciones-2\/\"]}]},{\"@type\":\"BreadcrumbList\",\"@id\":\"https:\/\/ieslaredo.edu.pe\/portal\/index.php\/inversiones-y-donaciones-2\/#breadcrumb\",\"itemListElement\":[{\"@type\":\"ListItem\",\"position\":1,\"name\":\"Portada\",\"item\":\"https:\/\/ieslaredo.edu.pe\/portal\/\"},{\"@type\":\"ListItem\",\"position\":2,\"name\":\"Inversiones y Donaciones\"}]},{\"@type\":\"WebSite\",\"@id\":\"https:\/\/ieslaredo.edu.pe\/portal\/#website\",\"url\":\"https:\/\/ieslaredo.edu.pe\/portal\/\",\"name\":\"IESTP LAREDO\",\"description\":\"El IESTP \u201cLaredo\u201d, con 37 a\u00f1os de trayectoria, es una instituci\u00f3n l\u00edder en la formaci\u00f3n de profesionales t\u00e9cnicos en Enfermer\u00eda T\u00e9cnica, Contabilidad y Arquitectura de Plataformas y Servicios de Tecnolog\u00edas de la Informaci\u00f3n. Fue creado mediante R.M. R.D. N\u00ba 009-90-ED y N\u00ba 1681-90-ED para responder a las necesidades de formaci\u00f3n t\u00e9cnica en el pa\u00eds. Comprometidos con el desarrollo del pa\u00eds, brindamos una formaci\u00f3n human\u00edstica, cient\u00edfica y tecnol\u00f3gica de calidad, alineada con las exigencias del mercado laboral. Contamos con una plana docente altamente calificada, m\u00f3dulos tecnol\u00f3gicos actualizados y recursos multimedia, que permiten a nuestros m\u00e1s de 280 estudiantes adquirir competencias clave y valores s\u00f3lidos para su inserci\u00f3n exitosa en el mundo laboral y empresarial.\",\"publisher\":{\"@id\":\"https:\/\/ieslaredo.edu.pe\/portal\/#organization\"},\"alternateName\":\"IESTP LAREDO\",\"potentialAction\":[{\"@type\":\"SearchAction\",\"target\":{\"@type\":\"EntryPoint\",\"urlTemplate\":\"https:\/\/ieslaredo.edu.pe\/portal\/?s={search_term_string}\"},\"query-input\":{\"@type\":\"PropertyValueSpecification\",\"valueRequired\":true,\"valueName\":\"search_term_string\"}}],\"inLanguage\":\"es-PE\"},{\"@type\":\"Organization\",\"@id\":\"https:\/\/ieslaredo.edu.pe\/portal\/#organization\",\"name\":\"IESTP LAREDO\",\"alternateName\":\"IESTP LAREDO\",\"url\":\"https:\/\/ieslaredo.edu.pe\/portal\/\",\"logo\":{\"@type\":\"ImageObject\",\"inLanguage\":\"es-PE\",\"@id\":\"https:\/\/ieslaredo.edu.pe\/portal\/#\/schema\/logo\/image\/\",\"url\":\"https:\/\/ieslaredo.edu.pe\/portal\/wp-content\/uploads\/2025\/04\/IESTP-LAREDO-1.png\",\"contentUrl\":\"https:\/\/ieslaredo.edu.pe\/portal\/wp-content\/uploads\/2025\/04\/IESTP-LAREDO-1.png\",\"width\":600,\"height\":424,\"caption\":\"IESTP LAREDO\"},\"image\":{\"@id\":\"https:\/\/ieslaredo.edu.pe\/portal\/#\/schema\/logo\/image\/\"},\"sameAs\":[\"https:\/\/web.facebook.com\/IESTPLAREDO?locale=es_LA\",\"https:\/\/x.com\/iestplaredo\"]}]}<\/script>\n<!-- \/ Yoast SEO plugin. -->","yoast_head_json":{"title":"Inversiones y Donaciones - IESTP LAREDO","robots":{"index":"index","follow":"follow","max-snippet":"max-snippet:-1","max-image-preview":"max-image-preview:large","max-video-preview":"max-video-preview:-1"},"canonical":"https:\/\/ieslaredo.edu.pe\/portal\/index.php\/inversiones-y-donaciones-2\/","og_locale":"es_ES","og_type":"article","og_title":"Inversiones y Donaciones - IESTP LAREDO","og_url":"https:\/\/ieslaredo.edu.pe\/portal\/index.php\/inversiones-y-donaciones-2\/","og_site_name":"IESTP LAREDO","article_publisher":"https:\/\/web.facebook.com\/IESTPLAREDO?locale=es_LA","article_modified_time":"2025-09-05T13:39:38+00:00","og_image":[{"width":600,"height":424,"url":"https:\/\/ieslaredo.edu.pe\/portal\/wp-content\/uploads\/2025\/04\/IESTP-LAREDO-1.png","type":"image\/png"}],"twitter_card":"summary_large_image","twitter_site":"@iestplaredo","schema":{"@context":"https:\/\/schema.org","@graph":[{"@type":"WebPage","@id":"https:\/\/ieslaredo.edu.pe\/portal\/index.php\/inversiones-y-donaciones-2\/","url":"https:\/\/ieslaredo.edu.pe\/portal\/index.php\/inversiones-y-donaciones-2\/","name":"Inversiones y Donaciones - IESTP LAREDO","isPartOf":{"@id":"https:\/\/ieslaredo.edu.pe\/portal\/#website"},"datePublished":"2025-03-14T17:21:32+00:00","dateModified":"2025-09-05T13:39:38+00:00","breadcrumb":{"@id":"https:\/\/ieslaredo.edu.pe\/portal\/index.php\/inversiones-y-donaciones-2\/#breadcrumb"},"inLanguage":"es-PE","potentialAction":[{"@type":"ReadAction","target":["https:\/\/ieslaredo.edu.pe\/portal\/index.php\/inversiones-y-donaciones-2\/"]}]},{"@type":"BreadcrumbList","@id":"https:\/\/ieslaredo.edu.pe\/portal\/index.php\/inversiones-y-donaciones-2\/#breadcrumb","itemListElement":[{"@type":"ListItem","position":1,"name":"Portada","item":"https:\/\/ieslaredo.edu.pe\/portal\/"},{"@type":"ListItem","position":2,"name":"Inversiones y Donaciones"}]},{"@type":"WebSite","@id":"https:\/\/ieslaredo.edu.pe\/portal\/#website","url":"https:\/\/ieslaredo.edu.pe\/portal\/","name":"IESTP LAREDO","description":"El IESTP \u201cLaredo\u201d, con 37 a\u00f1os de trayectoria, es una instituci\u00f3n l\u00edder en la formaci\u00f3n de profesionales t\u00e9cnicos en Enfermer\u00eda T\u00e9cnica, Contabilidad y Arquitectura de Plataformas y Servicios de Tecnolog\u00edas de la Informaci\u00f3n. Fue creado mediante R.M. R.D. N\u00ba 009-90-ED y N\u00ba 1681-90-ED para responder a las necesidades de formaci\u00f3n t\u00e9cnica en el pa\u00eds. Comprometidos con el desarrollo del pa\u00eds, brindamos una formaci\u00f3n human\u00edstica, cient\u00edfica y tecnol\u00f3gica de calidad, alineada con las exigencias del mercado laboral. Contamos con una plana docente altamente calificada, m\u00f3dulos tecnol\u00f3gicos actualizados y recursos multimedia, que permiten a nuestros m\u00e1s de 280 estudiantes adquirir competencias clave y valores s\u00f3lidos para su inserci\u00f3n exitosa en el mundo laboral y empresarial.","publisher":{"@id":"https:\/\/ieslaredo.edu.pe\/portal\/#organization"},"alternateName":"IESTP LAREDO","potentialAction":[{"@type":"SearchAction","target":{"@type":"EntryPoint","urlTemplate":"https:\/\/ieslaredo.edu.pe\/portal\/?s={search_term_string}"},"query-input":{"@type":"PropertyValueSpecification","valueRequired":true,"valueName":"search_term_string"}}],"inLanguage":"es-PE"},{"@type":"Organization","@id":"https:\/\/ieslaredo.edu.pe\/portal\/#organization","name":"IESTP LAREDO","alternateName":"IESTP LAREDO","url":"https:\/\/ieslaredo.edu.pe\/portal\/","logo":{"@type":"ImageObject","inLanguage":"es-PE","@id":"https:\/\/ieslaredo.edu.pe\/portal\/#\/schema\/logo\/image\/","url":"https:\/\/ieslaredo.edu.pe\/portal\/wp-content\/uploads\/2025\/04\/IESTP-LAREDO-1.png","contentUrl":"https:\/\/ieslaredo.edu.pe\/portal\/wp-content\/uploads\/2025\/04\/IESTP-LAREDO-1.png","width":600,"height":424,"caption":"IESTP LAREDO"},"image":{"@id":"https:\/\/ieslaredo.edu.pe\/portal\/#\/schema\/logo\/image\/"},"sameAs":["https:\/\/web.facebook.com\/IESTPLAREDO?locale=es_LA","https:\/\/x.com\/iestplaredo"]}]}},"_links":{"self":[{"href":"https:\/\/ieslaredo.edu.pe\/portal\/index.php\/wp-json\/wp\/v2\/pages\/518","targetHints":{"allow":["GET"]}}],"collection":[{"href":"https:\/\/ieslaredo.edu.pe\/portal\/index.php\/wp-json\/wp\/v2\/pages"}],"about":[{"href":"https:\/\/ieslaredo.edu.pe\/portal\/index.php\/wp-json\/wp\/v2\/types\/page"}],"author":[{"embeddable":true,"href":"https:\/\/ieslaredo.edu.pe\/portal\/index.php\/wp-json\/wp\/v2\/users\/1"}],"replies":[{"embeddable":true,"href":"https:\/\/ieslaredo.edu.pe\/portal\/index.php\/wp-json\/wp\/v2\/comments?post=518"}],"version-history":[{"count":7,"href":"https:\/\/ieslaredo.edu.pe\/portal\/index.php\/wp-json\/wp\/v2\/pages\/518\/revisions"}],"predecessor-version":[{"id":2362,"href":"https:\/\/ieslaredo.edu.pe\/portal\/index.php\/wp-json\/wp\/v2\/pages\/518\/revisions\/2362"}],"wp:attachment":[{"href":"https:\/\/ieslaredo.edu.pe\/portal\/index.php\/wp-json\/wp\/v2\/media?parent=518"}],"curies":[{"name":"wp","href":"https:\/\/api.w.org\/{rel}","templated":true}]}}